{"id":1362,"date":"2025-10-22T14:55:06","date_gmt":"2025-10-22T19:55:06","guid":{"rendered":"https:\/\/grupotransmeridian.com\/?page_id=1362"},"modified":"2026-03-20T16:23:01","modified_gmt":"2026-03-20T21:23:01","slug":"trabaja-con-nosotros","status":"publish","type":"page","link":"https:\/\/www.grupotransmeridian.pe\/en\/trabaja-con-nosotros\/","title":{"rendered":"Work with us"},"content":{"rendered":"<div data-elementor-type=\"wp-page\" data-elementor-id=\"1362\" class=\"elementor elementor-1362\" data-elementor-post-type=\"page\">\n\t\t\t\t<div class=\"elementor-element elementor-element-037981b grupo e-flex e-con-boxed e-con e-parent\" data-id=\"037981b\" data-element_type=\"container\" data-e-type=\"container\" data-settings=\"{&quot;background_background&quot;:&quot;classic&quot;}\">\n\t\t\t\t\t<div class=\"e-con-inner\">\n\t\t<div class=\"elementor-element elementor-element-8fd8a62 e-con-full e-flex e-con e-child\" data-id=\"8fd8a62\" data-element_type=\"container\" data-e-type=\"container\">\n\t\t\t\t<div class=\"elementor-element elementor-element-6ce4a7c elementor-invisible elementor-widget elementor-widget-heading\" data-id=\"6ce4a7c\" data-element_type=\"widget\" data-e-type=\"widget\" data-settings=\"{&quot;_animation&quot;:&quot;slideInLeft&quot;,&quot;_animation_tablet&quot;:&quot;none&quot;}\" data-widget_type=\"heading.default\">\n\t\t\t\t\t<h1 class=\"elementor-heading-title elementor-size-default\">Empleos en log\u00edstica en Per\u00fa que impulsan tu futuro<\/h1>\t\t\t\t<\/div>\n\t\t\t\t<\/div>\n\t\t<div class=\"elementor-element elementor-element-fec1603 e-con-full e-flex e-con e-child\" data-id=\"fec1603\" data-element_type=\"container\" data-e-type=\"container\">\n\t\t\t\t<div class=\"elementor-element elementor-element-0084812 elementor-invisible elementor-widget elementor-widget-text-editor\" data-id=\"0084812\" data-element_type=\"widget\" data-e-type=\"widget\" data-settings=\"{&quot;_animation&quot;:&quot;slideInRight&quot;,&quot;_animation_tablet&quot;:&quot;none&quot;}\" data-widget_type=\"text-editor.default\">\n\t\t\t\t\t\t\t\t\t<p><span style=\"font-weight: 400;\">Forma parte de un grupo l\u00edder en soluciones log\u00edsticas y desarrolla tu talento en un entorno din\u00e1mico y humano.<\/span><\/p>\t\t\t\t\t\t\t\t<\/div>\n\t\t\t\t<\/div>\n\t\t\t\t\t<\/div>\n\t\t\t\t<\/div>\n\t\t<div class=\"elementor-element elementor-element-e65a2cb grupo e-flex e-con-boxed e-con e-parent\" data-id=\"e65a2cb\" data-element_type=\"container\" data-e-type=\"container\" data-settings=\"{&quot;background_background&quot;:&quot;classic&quot;}\">\n\t\t\t\t\t<div class=\"e-con-inner\">\n\t\t<div class=\"elementor-element elementor-element-4b2da72 e-con-full trabaja elementor-hidden-mobile e-flex e-con e-child\" data-id=\"4b2da72\" data-element_type=\"container\" data-e-type=\"container\" data-settings=\"{&quot;background_background&quot;:&quot;classic&quot;,&quot;position&quot;:&quot;absolute&quot;}\">\n\t\t\t\t<\/div>\n\t\t<div class=\"elementor-element elementor-element-2f90e90 e-con-full elementor-hidden-mobile e-flex e-con e-child\" data-id=\"2f90e90\" data-element_type=\"container\" data-e-type=\"container\">\n\t\t\t\t<\/div>\n\t\t<div class=\"elementor-element elementor-element-f3f38f2 e-con-full e-flex e-con e-child\" data-id=\"f3f38f2\" data-element_type=\"container\" data-e-type=\"container\">\n\t\t\t\t<div class=\"elementor-element elementor-element-4c0b372 elementor-widget elementor-widget-heading\" data-id=\"4c0b372\" data-element_type=\"widget\" data-e-type=\"widget\" data-widget_type=\"heading.default\">\n\t\t\t\t\t<h2 class=\"elementor-heading-title elementor-size-default\">\u00danete a nuestro equipo y crece con nosotros\n<\/h2>\t\t\t\t<\/div>\n\t\t\t\t<div class=\"elementor-element elementor-element-3614751 elementor-widget elementor-widget-text-editor\" data-id=\"3614751\" data-element_type=\"widget\" data-e-type=\"widget\" data-widget_type=\"text-editor.default\">\n\t\t\t\t\t\t\t\t\t<p><span style=\"font-weight: 400;\">Trabajar con nosotros es formar<\/span> parte de una red que conecta pa\u00edses, personas y oportunidades. Aqu\u00ed potenciamos tu desarrollo profesional con programas de capacitaci\u00f3n, liderazgo y crecimiento constante. S\u00e9 parte de un grupo que combina experiencia, innovaci\u00f3n y prop\u00f3sito en cada acci\u00f3n.<\/p>\t\t\t\t\t\t\t\t<\/div>\n\t\t\t\t<\/div>\n\t\t\t\t\t<\/div>\n\t\t\t\t<\/div>\n\t\t<div class=\"elementor-element elementor-element-2a13fbf grupo--compacto e-flex e-con-boxed e-con e-parent\" data-id=\"2a13fbf\" data-element_type=\"container\" data-e-type=\"container\" data-settings=\"{&quot;background_background&quot;:&quot;classic&quot;}\">\n\t\t\t\t\t<div class=\"e-con-inner\">\n\t\t<div class=\"elementor-element elementor-element-cd05e51 e-con-full e-flex e-con e-child\" data-id=\"cd05e51\" data-element_type=\"container\" data-e-type=\"container\">\n\t\t\t\t<div class=\"elementor-element elementor-element-1a11f3f elementor-widget elementor-widget-heading\" data-id=\"1a11f3f\" data-element_type=\"widget\" data-e-type=\"widget\" data-widget_type=\"heading.default\">\n\t\t\t\t\t<h2 class=\"elementor-heading-title elementor-size-default\">Conoce nuestras vacantes disponibles<\/h2>\t\t\t\t<\/div>\n\t\t\t\t<\/div>\n\t\t<div class=\"elementor-element elementor-element-d653d60 e-con-full e-flex e-con e-child\" data-id=\"d653d60\" data-element_type=\"container\" data-e-type=\"container\">\n\t\t\t\t<div class=\"elementor-element elementor-element-3827b7e elementor-widget elementor-widget-text-editor\" data-id=\"3827b7e\" data-element_type=\"widget\" data-e-type=\"widget\" data-widget_type=\"text-editor.default\">\n\t\t\t\t\t\t\t\t\t<p>Accede a nuestra plataforma de empleos y descubre las oportunidades que tenemos para ti.<\/p>\t\t\t\t\t\t\t\t<\/div>\n\t\t\t\t<div class=\"elementor-element elementor-element-863b08d elementor-mobile-align-center elementor-widget elementor-widget-button\" data-id=\"863b08d\" data-element_type=\"widget\" data-e-type=\"widget\" data-widget_type=\"button.default\">\n\t\t\t\t\t\t\t\t\t\t<a class=\"elementor-button elementor-button-link elementor-size-sm\" href=\"https:\/\/grupotransmeridian.buk.pe\/trabaja-con-nosotros\" target=\"_blank\" rel=\"nofollow noopener\">\n\t\t\t\t\t\t<span class=\"elementor-button-content-wrapper\">\n\t\t\t\t\t\t\t\t\t<span class=\"elementor-button-text\">Explorar vacantes<\/span>\n\t\t\t\t\t<\/span>\n\t\t\t\t\t<\/a>\n\t\t\t\t\t\t\t\t<\/div>\n\t\t\t\t<\/div>\n\t\t\t\t\t<\/div>\n\t\t\t\t<\/div>\n\t\t\t\t<\/div>","protected":false},"excerpt":{"rendered":"<p>Empleos en log\u00edstica en Per\u00fa que impulsan tu futuro Forma parte de un grupo l\u00edder en soluciones log\u00edsticas y desarrolla tu talento en un entorno din\u00e1mico y humano. \u00danete a nuestro equipo y crece con nosotros Trabajar con nosotros es formar parte de una red que conecta pa\u00edses, personas y oportunidades. Aqu\u00ed potenciamos tu desarrollo [&hellip;]<\/p>\n","protected":false},"author":1,"featured_media":0,"parent":0,"menu_order":0,"comment_status":"closed","ping_status":"closed","template":"","meta":{"footnotes":""},"class_list":["post-1362","page","type-page","status-publish","hentry"],"blocksy_meta":[],"_links":{"self":[{"href":"https:\/\/www.grupotransmeridian.pe\/en\/wp-json\/wp\/v2\/pages\/1362","targetHints":{"allow":["GET"]}}],"collection":[{"href":"https:\/\/www.grupotransmeridian.pe\/en\/wp-json\/wp\/v2\/pages"}],"about":[{"href":"https:\/\/www.grupotransmeridian.pe\/en\/wp-json\/wp\/v2\/types\/page"}],"author":[{"embeddable":true,"href":"https:\/\/www.grupotransmeridian.pe\/en\/wp-json\/wp\/v2\/users\/1"}],"replies":[{"embeddable":true,"href":"https:\/\/www.grupotransmeridian.pe\/en\/wp-json\/wp\/v2\/comments?post=1362"}],"version-history":[{"count":6,"href":"https:\/\/www.grupotransmeridian.pe\/en\/wp-json\/wp\/v2\/pages\/1362\/revisions"}],"predecessor-version":[{"id":3836,"href":"https:\/\/www.grupotransmeridian.pe\/en\/wp-json\/wp\/v2\/pages\/1362\/revisions\/3836"}],"wp:attachment":[{"href":"https:\/\/www.grupotransmeridian.pe\/en\/wp-json\/wp\/v2\/media?parent=1362"}],"curies":[{"name":"wp","href":"https:\/\/api.w.org\/{rel}","templated":true}]}}