{"id":201,"date":"2025-10-16T10:00:54","date_gmt":"2025-10-16T15:00:54","guid":{"rendered":"https:\/\/grupotransmeridian.com\/?page_id=201"},"modified":"2026-01-30T11:57:05","modified_gmt":"2026-01-30T16:57:05","slug":"contactanos","status":"publish","type":"page","link":"https:\/\/www.grupotransmeridian.pe\/en\/contactanos\/","title":{"rendered":"Contact us"},"content":{"rendered":"\t\t<div data-elementor-type=\"wp-page\" data-elementor-id=\"201\" class=\"elementor elementor-201\" data-elementor-post-type=\"page\">\n\t\t\t\t<div class=\"elementor-element elementor-element-eef28e5 grupo e-flex e-con-boxed e-con e-parent\" data-id=\"eef28e5\" data-element_type=\"container\" data-e-type=\"container\" data-settings=\"{&quot;background_background&quot;:&quot;classic&quot;}\">\n\t\t\t\t\t<div class=\"e-con-inner\">\n\t\t<div class=\"elementor-element elementor-element-d2433a0 e-con-full e-flex e-con e-child\" data-id=\"d2433a0\" data-element_type=\"container\" data-e-type=\"container\">\n\t\t\t\t<div class=\"elementor-element elementor-element-8229c17 elementor-invisible elementor-widget elementor-widget-heading\" data-id=\"8229c17\" data-element_type=\"widget\" data-e-type=\"widget\" data-settings=\"{&quot;_animation&quot;:&quot;slideInLeft&quot;,&quot;_animation_tablet&quot;:&quot;none&quot;}\" data-widget_type=\"heading.default\">\n\t\t\t\t\t<h1 class=\"elementor-heading-title elementor-size-default\">Contacta con un asesor especializado<\/h1>\t\t\t\t<\/div>\n\t\t\t\t<\/div>\n\t\t<div class=\"elementor-element elementor-element-f5de954 e-con-full e-flex e-con e-child\" data-id=\"f5de954\" data-element_type=\"container\" data-e-type=\"container\">\n\t\t\t\t<div class=\"elementor-element elementor-element-78d46c1 elementor-invisible elementor-widget elementor-widget-text-editor\" data-id=\"78d46c1\" data-element_type=\"widget\" data-e-type=\"widget\" data-settings=\"{&quot;_animation&quot;:&quot;slideInRight&quot;,&quot;_animation_tablet&quot;:&quot;none&quot;}\" data-widget_type=\"text-editor.default\">\n\t\t\t\t\t\t\t\t\t<p>Te ayudamos a que tu operaci\u00f3n sea \u00e1gil, segura y sin complicaciones.<\/p>\t\t\t\t\t\t\t\t<\/div>\n\t\t\t\t<\/div>\n\t\t\t\t\t<\/div>\n\t\t\t\t<\/div>\n\t\t<div class=\"elementor-element elementor-element-a46192b grupo e-flex e-con-boxed e-con e-parent\" data-id=\"a46192b\" data-element_type=\"container\" data-e-type=\"container\" data-settings=\"{&quot;background_background&quot;:&quot;classic&quot;}\">\n\t\t\t\t\t<div class=\"e-con-inner\">\n\t\t<div class=\"elementor-element elementor-element-739580a e-con-full e-flex e-con e-child\" data-id=\"739580a\" data-element_type=\"container\" data-e-type=\"container\">\n\t\t\t\t<div class=\"elementor-element elementor-element-5e65771 elementor-widget elementor-widget-heading\" data-id=\"5e65771\" data-element_type=\"widget\" data-e-type=\"widget\" data-widget_type=\"heading.default\">\n\t\t\t\t\t<h2 class=\"elementor-heading-title elementor-size-default\">Optimiza tu gesti\u00f3n log\u00edstica con el acompa\u00f1amiento de expertos<\/h2>\t\t\t\t<\/div>\n\t\t\t\t<div class=\"elementor-element elementor-element-ea35518 elementor-widget elementor-widget-text-editor\" data-id=\"ea35518\" data-element_type=\"widget\" data-e-type=\"widget\" data-widget_type=\"text-editor.default\">\n\t\t\t\t\t\t\t\t\t<p>Completa el formulario y uno de nuestros asesores te contactar\u00e1 para brindarte la mejor soluci\u00f3n.<\/p>\t\t\t\t\t\t\t\t<\/div>\n\t\t\t\t<div class=\"elementor-element elementor-element-362e4b0 cotiza elementor-button-align-stretch elementor-widget elementor-widget-form\" data-id=\"362e4b0\" data-element_type=\"widget\" data-e-type=\"widget\" id=\"cotizacion\" data-settings=\"{&quot;step_next_label&quot;:&quot;Siguiente&quot;,&quot;step_previous_label&quot;:&quot;Anterior&quot;,&quot;button_width&quot;:&quot;33&quot;,&quot;button_width_tablet&quot;:&quot;50&quot;,&quot;step_type&quot;:&quot;number_text&quot;,&quot;step_icon_shape&quot;:&quot;circle&quot;}\" data-widget_type=\"form.default\">\n\t\t\t\t\t\t\t<form class=\"elementor-form\" method=\"post\" name=\"Nuevo formulario\" aria-label=\"Nuevo formulario\">\n\t\t\t<input type=\"hidden\" name=\"post_id\" value=\"201\"\/>\n\t\t\t<input type=\"hidden\" name=\"form_id\" value=\"362e4b0\"\/>\n\t\t\t<input type=\"hidden\" name=\"referer_title\" value=\"Cont\u00e1ctanos - Grupo Transmeridian\" \/>\n\n\t\t\t\t\t\t\t<input type=\"hidden\" name=\"queried_id\" value=\"201\"\/>\n\t\t\t\n\t\t\t<div class=\"elementor-form-fields-wrapper elementor-labels-above\">\n\t\t\t\t\t\t\t\t<div class=\"elementor-field-type-text elementor-field-group elementor-column elementor-field-group-nombre elementor-col-100\">\n\t\t\t\t\t\t\t\t\t\t\t\t<label for=\"form-field-nombre\" class=\"elementor-field-label\">\n\t\t\t\t\t\t\t\tNombre completo\t\t\t\t\t\t\t<\/label>\n\t\t\t\t\t\t\t\t\t\t\t\t\t\t<input size=\"1\" type=\"text\" name=\"form_fields[nombre]\" id=\"form-field-nombre\" class=\"elementor-field elementor-size-xs  elementor-field-textual\">\n\t\t\t\t\t\t\t\t\t\t\t<\/div>\n\t\t\t\t\t\t\t\t<div class=\"elementor-field-type-text elementor-field-group elementor-column elementor-field-group-razon elementor-col-50\">\n\t\t\t\t\t\t\t\t\t\t\t\t<label for=\"form-field-razon\" class=\"elementor-field-label\">\n\t\t\t\t\t\t\t\tRaz\u00f3n social\t\t\t\t\t\t\t<\/label>\n\t\t\t\t\t\t\t\t\t\t\t\t\t\t<input size=\"1\" type=\"text\" name=\"form_fields[razon]\" id=\"form-field-razon\" class=\"elementor-field elementor-size-xs  elementor-field-textual\">\n\t\t\t\t\t\t\t\t\t\t\t<\/div>\n\t\t\t\t\t\t\t\t<div class=\"elementor-field-type-number elementor-field-group elementor-column elementor-field-group-ruc elementor-col-50\">\n\t\t\t\t\t\t\t\t\t\t\t\t<label for=\"form-field-ruc\" class=\"elementor-field-label\">\n\t\t\t\t\t\t\t\tRUC\t\t\t\t\t\t\t<\/label>\n\t\t\t\t\t\t\t\t\t<input type=\"number\" name=\"form_fields[ruc]\" id=\"form-field-ruc\" class=\"elementor-field elementor-size-xs  elementor-field-textual\" min=\"\" max=\"\" >\n\t\t\t\t\t\t<\/div>\n\t\t\t\t\t\t\t\t<div class=\"elementor-field-type-email elementor-field-group elementor-column elementor-field-group-email elementor-col-50 elementor-field-required\">\n\t\t\t\t\t\t\t\t\t\t\t\t<label for=\"form-field-email\" class=\"elementor-field-label\">\n\t\t\t\t\t\t\t\tCorreo electr\u00f3nico\t\t\t\t\t\t\t<\/label>\n\t\t\t\t\t\t\t\t\t\t\t\t\t\t<input size=\"1\" type=\"email\" name=\"form_fields[email]\" id=\"form-field-email\" class=\"elementor-field elementor-size-xs  elementor-field-textual\" required=\"required\">\n\t\t\t\t\t\t\t\t\t\t\t<\/div>\n\t\t\t\t\t\t\t\t<div class=\"elementor-field-type-tel elementor-field-group elementor-column elementor-field-group-telefono elementor-col-50\">\n\t\t\t\t\t\t\t\t\t\t\t\t<label for=\"form-field-telefono\" class=\"elementor-field-label\">\n\t\t\t\t\t\t\t\tCelular\t\t\t\t\t\t\t<\/label>\n\t\t\t\t\t\t\t\t<input size=\"1\" type=\"tel\" name=\"form_fields[telefono]\" id=\"form-field-telefono\" class=\"elementor-field elementor-size-xs  elementor-field-textual\" pattern=\"[0-9()#&amp;+*-=.]+\" title=\"Solo se aceptan n\u00fameros y caracteres de tel\u00e9fono (#,-,*,etc).\">\n\n\t\t\t\t\t\t<\/div>\n\t\t\t\t\t\t\t\t<div class=\"elementor-field-type-checkbox elementor-field-group elementor-column elementor-field-group-servicio elementor-col-100 elementor-md-100\">\n\t\t\t\t\t\t\t\t\t\t\t\t<label for=\"form-field-servicio\" class=\"elementor-field-label\">\n\t\t\t\t\t\t\t\tServicio a consultar (Puede elegir varios)\t\t\t\t\t\t\t<\/label>\n\t\t\t\t\t\t<div class=\"elementor-field-subgroup  \"><span class=\"elementor-field-option\"><input type=\"checkbox\" value=\"Servicio log\u00edstico integral\" id=\"form-field-servicio-0\" name=\"form_fields[servicio][]\"> <label for=\"form-field-servicio-0\">Servicio log\u00edstico integral<\/label><\/span><span class=\"elementor-field-option\"><input type=\"checkbox\" value=\"Almacenaje simple y autorizado\" id=\"form-field-servicio-1\" name=\"form_fields[servicio][]\"> <label for=\"form-field-servicio-1\">Almacenaje simple y autorizado<\/label><\/span><span class=\"elementor-field-option\"><input type=\"checkbox\" value=\"Servicio de dep\u00f3sito\" id=\"form-field-servicio-2\" name=\"form_fields[servicio][]\"> <label for=\"form-field-servicio-2\">Servicio de dep\u00f3sito<\/label><\/span><span class=\"elementor-field-option\"><input type=\"checkbox\" value=\"Centro de distribuci\u00f3n\" id=\"form-field-servicio-3\" name=\"form_fields[servicio][]\"> <label for=\"form-field-servicio-3\">Centro de distribuci\u00f3n<\/label><\/span><span class=\"elementor-field-option\"><input type=\"checkbox\" value=\"Transporte terrestre y distribuci\u00f3n\" id=\"form-field-servicio-4\" name=\"form_fields[servicio][]\"> <label for=\"form-field-servicio-4\">Transporte terrestre y distribuci\u00f3n<\/label><\/span><span class=\"elementor-field-option\"><input type=\"checkbox\" value=\"Agenciamiento aduanero\" id=\"form-field-servicio-5\" name=\"form_fields[servicio][]\"> <label for=\"form-field-servicio-5\">Agenciamiento aduanero<\/label><\/span><span class=\"elementor-field-option\"><input type=\"checkbox\" value=\"Agenciamiento mar\u00edtimo y portuario\" id=\"form-field-servicio-6\" name=\"form_fields[servicio][]\"> <label for=\"form-field-servicio-6\">Agenciamiento mar\u00edtimo y portuario<\/label><\/span><span class=\"elementor-field-option\"><input type=\"checkbox\" value=\"Agenciamiento de carga internacional\" id=\"form-field-servicio-7\" name=\"form_fields[servicio][]\"> <label for=\"form-field-servicio-7\">Agenciamiento de carga internacional<\/label><\/span><span class=\"elementor-field-option\"><input type=\"checkbox\" value=\"Transporte internacional\" id=\"form-field-servicio-8\" name=\"form_fields[servicio][]\"> <label for=\"form-field-servicio-8\">Transporte internacional<\/label><\/span><\/div>\t\t\t\t<\/div>\n\t\t\t\t\t\t\t\t<div class=\"elementor-field-type-select elementor-field-group elementor-column elementor-field-group-sector elementor-col-100 elementor-md-100\">\n\t\t\t\t\t\t\t\t\t\t\t\t<label for=\"form-field-sector\" class=\"elementor-field-label\">\n\t\t\t\t\t\t\t\tIndustria \/ Sector\t\t\t\t\t\t\t<\/label>\n\t\t\t\t\t\t\t\t<div class=\"elementor-field elementor-select-wrapper remove-before \">\n\t\t\t<div class=\"select-caret-down-wrapper\">\n\t\t\t\t<svg aria-hidden=\"true\" class=\"e-font-icon-svg e-eicon-caret-down\" viewBox=\"0 0 571.4 571.4\" xmlns=\"http:\/\/www.w3.org\/2000\/svg\"><path d=\"M571 393Q571 407 561 418L311 668Q300 679 286 679T261 668L11 418Q0 407 0 393T11 368 36 357H536Q550 357 561 368T571 393Z\"><\/path><\/svg>\t\t\t<\/div>\n\t\t\t<select name=\"form_fields[sector]\" id=\"form-field-sector\" class=\"elementor-field-textual elementor-size-xs\">\n\t\t\t\t\t\t\t\t\t<option value=\"Miner\u00eda y energ\u00eda\">Miner\u00eda y energ\u00eda<\/option>\n\t\t\t\t\t\t\t\t\t<option value=\"Agroexportaci\u00f3n\">Agroexportaci\u00f3n<\/option>\n\t\t\t\t\t\t\t\t\t<option value=\"Retail y consumo masivo\">Retail y consumo masivo<\/option>\n\t\t\t\t\t\t\t\t\t<option value=\"Construcci\u00f3n e infraestructura\">Construcci\u00f3n e infraestructura<\/option>\n\t\t\t\t\t\t\t\t\t<option value=\"Industria manufacturera\">Industria manufacturera<\/option>\n\t\t\t\t\t\t\t\t\t<option value=\"Farmac\u00e9utico y salud\">Farmac\u00e9utico y salud<\/option>\n\t\t\t\t\t\t\t\t\t<option value=\"Tecnolog\u00eda y electr\u00f3nica\">Tecnolog\u00eda y electr\u00f3nica<\/option>\n\t\t\t\t\t\t\t\t\t<option value=\"Automotriz\">Automotriz<\/option>\n\t\t\t\t\t\t\t\t\t<option value=\"Textil y moda\">Textil y moda<\/option>\n\t\t\t\t\t\t\t\t\t<option value=\"Alimentos y bebidas\">Alimentos y bebidas<\/option>\n\t\t\t\t\t\t\t\t\t<option value=\"Log\u00edstica y transporte\">Log\u00edstica y transporte<\/option>\n\t\t\t\t\t\t\t\t\t<option value=\"Otros sectores\">Otros sectores<\/option>\n\t\t\t\t\t\t\t<\/select>\n\t\t<\/div>\n\t\t\t\t\t\t<\/div>\n\t\t\t\t\t\t\t\t<div class=\"elementor-field-type-textarea elementor-field-group elementor-column elementor-field-group-mensaje elementor-col-100\">\n\t\t\t\t\t\t\t\t\t\t\t\t<label for=\"form-field-mensaje\" class=\"elementor-field-label\">\n\t\t\t\t\t\t\t\tDetalles de solicitud\t\t\t\t\t\t\t<\/label>\n\t\t\t\t\t\t<textarea class=\"elementor-field-textual elementor-field  elementor-size-xs\" name=\"form_fields[mensaje]\" id=\"form-field-mensaje\" rows=\"4\" placeholder=\"Hola...\"><\/textarea>\t\t\t\t<\/div>\n\t\t\t\t\t\t\t\t<div class=\"elementor-field-type-recaptcha_v3 elementor-field-group elementor-column elementor-field-group-field_c4f854e elementor-col-100 recaptcha_v3-bottomright\">\n\t\t\t\t\t<div class=\"elementor-field\" id=\"form-field-field_c4f854e\"><div class=\"elementor-g-recaptcha\" data-sitekey=\"6LdtaVssAAAAAA5HikF3RmpcCCuaYvQvdnpfv_rF\" data-type=\"v3\" data-action=\"Form\" data-badge=\"bottomright\" data-size=\"invisible\"><\/div><\/div>\t\t\t\t<\/div>\n\t\t\t\t\t\t\t\t<div class=\"elementor-field-group elementor-column elementor-field-type-submit elementor-col-33 e-form__buttons elementor-md-50\">\n\t\t\t\t\t<button class=\"elementor-button elementor-size-sm\" type=\"submit\">\n\t\t\t\t\t\t<span class=\"elementor-button-content-wrapper\">\n\t\t\t\t\t\t\t\t\t\t\t\t\t\t\t\t\t\t\t\t\t\t<span class=\"elementor-button-text\">Enviar solicitud<\/span>\n\t\t\t\t\t\t\t\t\t\t\t\t\t<\/span>\n\t\t\t\t\t<\/button>\n\t\t\t\t<\/div>\n\t\t\t<\/div>\n\t\t<\/form>\n\t\t\t\t\t\t<\/div>\n\t\t\t\t<\/div>\n\t\t<div class=\"elementor-element elementor-element-eb25d86 e-con-full e-flex e-con e-child\" data-id=\"eb25d86\" data-element_type=\"container\" data-e-type=\"container\">\n\t\t<div class=\"elementor-element elementor-element-b00ce8d e-con-full e-flex e-con e-child\" data-id=\"b00ce8d\" data-element_type=\"container\" data-e-type=\"container\">\n\t\t\t\t<div class=\"elementor-element elementor-element-3a6efac elementor-widget elementor-widget-heading\" data-id=\"3a6efac\" data-element_type=\"widget\" data-e-type=\"widget\" data-widget_type=\"heading.default\">\n\t\t\t\t\t<h3 class=\"elementor-heading-title elementor-size-default\">Estamos listos para atender tu solicitud<\/h3>\t\t\t\t<\/div>\n\t\t\t\t<div class=\"elementor-element elementor-element-330fb37 elementor-widget elementor-widget-text-editor\" data-id=\"330fb37\" data-element_type=\"widget\" data-e-type=\"widget\" data-widget_type=\"text-editor.default\">\n\t\t\t\t\t\t\t\t\t<p data-start=\"580\" data-end=\"698\">Cont\u00e1ctanos por correo o tel\u00e9fono y recibe atenci\u00f3n directa de nuestro equipo comercial.<\/p>\t\t\t\t\t\t\t\t<\/div>\n\t\t\t\t<\/div>\n\t\t\t\t<div class=\"elementor-element elementor-element-f3b47bf elementor-icon-list--layout-traditional elementor-list-item-link-full_width elementor-widget elementor-widget-icon-list\" data-id=\"f3b47bf\" data-element_type=\"widget\" data-e-type=\"widget\" data-widget_type=\"icon-list.default\">\n\t\t\t\t\t\t\t<ul class=\"elementor-icon-list-items\">\n\t\t\t\t\t\t\t<li class=\"elementor-icon-list-item\">\n\t\t\t\t\t\t\t\t\t\t\t<span class=\"elementor-icon-list-icon\">\n\t\t\t\t\t\t\t<svg xmlns=\"http:\/\/www.w3.org\/2000\/svg\" viewBox=\"0 0 24 24\"><g fill=\"none\" stroke=\"currentColor\" stroke-width=\"1\" stroke-linecap=\"round\" stroke-linejoin=\"round\"><path d=\"M21 16.5V20C21 20.5523 20.5523 21 20 21C10.6112 21 3 13.3888 3 4C3 3.44772 3.44772 3 4 3H7.5C7.77614 3 8.02614 3.14749 8.15891 3.38201L10.1589 6.88201C10.3278 7.18155 10.2689 7.55615 10.0189 7.78201L8.01893 9.58201C9.29755 12.3649 11.6351 14.7025 14.418 15.9811L16.218 13.9811C16.4439 13.7311 16.8185 13.6722 17.118 13.8411L20.618 15.8411C20.8525 15.9739 21 16.2239 21 16.5Z\"><\/path><\/g><\/svg>\t\t\t\t\t\t<\/span>\n\t\t\t\t\t\t\t\t\t\t<span class=\"elementor-icon-list-text\">+511 6123000<\/span>\n\t\t\t\t\t\t\t\t\t<\/li>\n\t\t\t\t\t\t\t\t<li class=\"elementor-icon-list-item\">\n\t\t\t\t\t\t\t\t\t\t\t<span class=\"elementor-icon-list-icon\">\n\t\t\t\t\t\t\t<svg xmlns=\"http:\/\/www.w3.org\/2000\/svg\" id=\"Capa_1\" data-name=\"Capa 1\" viewBox=\"0 0 346.1 346.1\"><defs><style>.cls-1{fill:none;stroke:#002bff;stroke-miterlimit:10;stroke-width:5px;}<\/style><\/defs><path class=\"cls-1\" d=\"M315.35,83.08a16.3,16.3,0,0,0-14.73-9.34H45.48A16.23,16.23,0,0,0,29.83,85.61a.32.32,0,0,0,0,.14A15.75,15.75,0,0,0,29.21,90V256.1a16.05,16.05,0,0,0,2.41,8.5v0a16.24,16.24,0,0,0,13.86,7.74H300.62a16.28,16.28,0,0,0,14.2-8.33h0a16.11,16.11,0,0,0,2.06-7.92V90A16.37,16.37,0,0,0,315.35,83.08Z\"><\/path><path class=\"cls-1\" d=\"M315.52,85.75,203.88,175.3l-31.16,25-30.5-24.4L29.46,85.75a.33.33,0,0,1,0-.14A16.21,16.21,0,0,1,45.14,73.74H300.29A16.3,16.3,0,0,1,315,83.08C315.2,84,315.36,84.86,315.52,85.75Z\"><\/path><path class=\"cls-1\" d=\"M314.48,264h0a16.25,16.25,0,0,1-14.19,8.33H45.14a16.24,16.24,0,0,1-13.85-7.74v0l110.93-88.7,30.5,24.4,31.16-25Z\"><\/path><\/svg>\t\t\t\t\t\t<\/span>\n\t\t\t\t\t\t\t\t\t\t<span class=\"elementor-icon-list-text\">gtcomercial@grupotransmeridian.com<\/span>\n\t\t\t\t\t\t\t\t\t<\/li>\n\t\t\t\t\t\t\t\t<li class=\"elementor-icon-list-item\">\n\t\t\t\t\t\t\t\t\t\t\t<span class=\"elementor-icon-list-icon\">\n\t\t\t\t\t\t\t<svg xmlns=\"http:\/\/www.w3.org\/2000\/svg\" id=\"Capa_1\" data-name=\"Capa 1\" viewBox=\"0 0 346.1 346.1\"><defs><style>.cls-1{fill:none;stroke:#002bff;stroke-miterlimit:10;stroke-width:5px;}<\/style><\/defs><path class=\"cls-1\" d=\"M124.61,215.41c-36.94,7.32-62.4,22.75-62.4,40.61,0,24.93,49.62,45.14,110.84,45.14S283.89,281,283.89,256c0-17.86-25.46-33.29-62.4-40.61\"><\/path><path class=\"cls-1\" d=\"M238.83,77.53a71.4,71.4,0,0,0-20-18.87,85.37,85.37,0,0,0-92.82,0,71.25,71.25,0,0,0-20,18.87c-30.31,43.34-19.3,75,61.91,189.47a5.56,5.56,0,0,0,9.08,0C258.12,152.5,269.14,120.87,238.83,77.53Zm-66.45,85.92a36.76,36.76,0,1,1,36.76-36.76A36.75,36.75,0,0,1,172.38,163.45Z\"><\/path><\/svg>\t\t\t\t\t\t<\/span>\n\t\t\t\t\t\t\t\t\t\t<span class=\"elementor-icon-list-text\">Av. Rep\u00fablica de Colombia 717. Piso 8. San Isidro - Lima.<\/span>\n\t\t\t\t\t\t\t\t\t<\/li>\n\t\t\t\t\t\t<\/ul>\n\t\t\t\t\t\t<\/div>\n\t\t<div class=\"elementor-element elementor-element-93e4cca e-con-full e-flex e-con e-child\" data-id=\"93e4cca\" data-element_type=\"container\" data-e-type=\"container\">\n\t\t\t\t<div class=\"elementor-element elementor-element-ac9ddb9 elementor-widget elementor-widget-text-editor\" data-id=\"ac9ddb9\" data-element_type=\"widget\" data-e-type=\"widget\" data-widget_type=\"text-editor.default\">\n\t\t\t\t\t\t\t\t\t<p>S\u00edguenos en:<\/p>\t\t\t\t\t\t\t\t<\/div>\n\t\t\t\t<div class=\"elementor-element elementor-element-9f6d6a6 sociales-footer e-grid-align-left elementor-shape-rounded elementor-grid-0 elementor-widget elementor-widget-social-icons\" data-id=\"9f6d6a6\" data-element_type=\"widget\" data-e-type=\"widget\" data-widget_type=\"social-icons.default\">\n\t\t\t\t\t\t\t<div class=\"elementor-social-icons-wrapper elementor-grid\" role=\"list\">\n\t\t\t\t\t\t\t<span class=\"elementor-grid-item\" role=\"listitem\">\n\t\t\t\t\t<a class=\"elementor-icon elementor-social-icon elementor-social-icon-linkedin-in elementor-repeater-item-78b247a\" href=\"https:\/\/pe.linkedin.com\/company\/grupo-transmeridian\" target=\"_blank\" rel=\"noopener\">\n\t\t\t\t\t\t<span class=\"elementor-screen-only\">Linkedin-in<\/span>\n\t\t\t\t\t\t<svg aria-hidden=\"true\" class=\"e-font-icon-svg e-fab-linkedin-in\" viewBox=\"0 0 448 512\" xmlns=\"http:\/\/www.w3.org\/2000\/svg\"><path d=\"M100.28 448H7.4V148.9h92.88zM53.79 108.1C24.09 108.1 0 83.5 0 53.8a53.79 53.79 0 0 1 107.58 0c0 29.7-24.1 54.3-53.79 54.3zM447.9 448h-92.68V302.4c0-34.7-.7-79.2-48.29-79.2-48.29 0-55.69 37.7-55.69 76.7V448h-92.78V148.9h89.08v40.8h1.3c12.4-23.5 42.69-48.3 87.88-48.3 94 0 111.28 61.9 111.28 142.3V448z\"><\/path><\/svg>\t\t\t\t\t<\/a>\n\t\t\t\t<\/span>\n\t\t\t\t\t\t\t<span class=\"elementor-grid-item\" role=\"listitem\">\n\t\t\t\t\t<a class=\"elementor-icon elementor-social-icon elementor-social-icon-facebook-f elementor-repeater-item-64689e0\" href=\"https:\/\/www.facebook.com\/grupotransmeridian\" target=\"_blank\" rel=\"noopener\">\n\t\t\t\t\t\t<span class=\"elementor-screen-only\">Facebook-f<\/span>\n\t\t\t\t\t\t<svg aria-hidden=\"true\" class=\"e-font-icon-svg e-fab-facebook-f\" viewBox=\"0 0 320 512\" xmlns=\"http:\/\/www.w3.org\/2000\/svg\"><path d=\"M279.14 288l14.22-92.66h-88.91v-60.13c0-25.35 12.42-50.06 52.24-50.06h40.42V6.26S260.43 0 225.36 0c-73.22 0-121.08 44.38-121.08 124.72v70.62H22.89V288h81.39v224h100.17V288z\"><\/path><\/svg>\t\t\t\t\t<\/a>\n\t\t\t\t<\/span>\n\t\t\t\t\t\t\t<span class=\"elementor-grid-item\" role=\"listitem\">\n\t\t\t\t\t<a class=\"elementor-icon elementor-social-icon elementor-social-icon-instagram elementor-repeater-item-9700108\" href=\"https:\/\/www.instagram.com\/grupotransmeridian\/\" target=\"_blank\" rel=\"noopener\">\n\t\t\t\t\t\t<span class=\"elementor-screen-only\">Instagram<\/span>\n\t\t\t\t\t\t<svg aria-hidden=\"true\" class=\"e-font-icon-svg e-fab-instagram\" viewBox=\"0 0 448 512\" xmlns=\"http:\/\/www.w3.org\/2000\/svg\"><path d=\"M224.1 141c-63.6 0-114.9 51.3-114.9 114.9s51.3 114.9 114.9 114.9S339 319.5 339 255.9 287.7 141 224.1 141zm0 189.6c-41.1 0-74.7-33.5-74.7-74.7s33.5-74.7 74.7-74.7 74.7 33.5 74.7 74.7-33.6 74.7-74.7 74.7zm146.4-194.3c0 14.9-12 26.8-26.8 26.8-14.9 0-26.8-12-26.8-26.8s12-26.8 26.8-26.8 26.8 12 26.8 26.8zm76.1 27.2c-1.7-35.9-9.9-67.7-36.2-93.9-26.2-26.2-58-34.4-93.9-36.2-37-2.1-147.9-2.1-184.9 0-35.8 1.7-67.6 9.9-93.9 36.1s-34.4 58-36.2 93.9c-2.1 37-2.1 147.9 0 184.9 1.7 35.9 9.9 67.7 36.2 93.9s58 34.4 93.9 36.2c37 2.1 147.9 2.1 184.9 0 35.9-1.7 67.7-9.9 93.9-36.2 26.2-26.2 34.4-58 36.2-93.9 2.1-37 2.1-147.8 0-184.8zM398.8 388c-7.8 19.6-22.9 34.7-42.6 42.6-29.5 11.7-99.5 9-132.1 9s-102.7 2.6-132.1-9c-19.6-7.8-34.7-22.9-42.6-42.6-11.7-29.5-9-99.5-9-132.1s-2.6-102.7 9-132.1c7.8-19.6 22.9-34.7 42.6-42.6 29.5-11.7 99.5-9 132.1-9s102.7-2.6 132.1 9c19.6 7.8 34.7 22.9 42.6 42.6 11.7 29.5 9 99.5 9 132.1s2.7 102.7-9 132.1z\"><\/path><\/svg>\t\t\t\t\t<\/a>\n\t\t\t\t<\/span>\n\t\t\t\t\t\t\t<span class=\"elementor-grid-item\" role=\"listitem\">\n\t\t\t\t\t<a class=\"elementor-icon elementor-social-icon elementor-social-icon-youtube elementor-repeater-item-7ea7100\" href=\"https:\/\/www.youtube.com\/@grupotransmeridian4398\" target=\"_blank\" rel=\"noopener\">\n\t\t\t\t\t\t<span class=\"elementor-screen-only\">Youtube<\/span>\n\t\t\t\t\t\t<svg aria-hidden=\"true\" class=\"e-font-icon-svg e-fab-youtube\" viewBox=\"0 0 576 512\" xmlns=\"http:\/\/www.w3.org\/2000\/svg\"><path d=\"M549.655 124.083c-6.281-23.65-24.787-42.276-48.284-48.597C458.781 64 288 64 288 64S117.22 64 74.629 75.486c-23.497 6.322-42.003 24.947-48.284 48.597-11.412 42.867-11.412 132.305-11.412 132.305s0 89.438 11.412 132.305c6.281 23.65 24.787 41.5 48.284 47.821C117.22 448 288 448 288 448s170.78 0 213.371-11.486c23.497-6.321 42.003-24.171 48.284-47.821 11.412-42.867 11.412-132.305 11.412-132.305s0-89.438-11.412-132.305zm-317.51 213.508V175.185l142.739 81.205-142.739 81.201z\"><\/path><\/svg>\t\t\t\t\t<\/a>\n\t\t\t\t<\/span>\n\t\t\t\t\t<\/div>\n\t\t\t\t\t\t<\/div>\n\t\t\t\t<\/div>\n\t\t\t\t<\/div>\n\t\t\t\t\t<\/div>\n\t\t\t\t<\/div>\n\t\t<div class=\"elementor-element elementor-element-9f19b4e e-con-full e-flex e-con e-parent\" data-id=\"9f19b4e\" data-element_type=\"container\" data-e-type=\"container\">\n\t\t\t\t<div class=\"elementor-element elementor-element-d6a80f1 elementor-widget elementor-widget-html\" data-id=\"d6a80f1\" data-element_type=\"widget\" data-e-type=\"widget\" data-widget_type=\"html.default\">\n\t\t\t\t\t<iframe src=\"https:\/\/www.google.com\/maps\/embed?pb=!1m18!1m12!1m3!1d31210.942178879166!2d-77.07746383290436!3d-12.08695597738189!2m3!1f0!2f0!3f0!3m2!1i1024!2i768!4f13.1!3m3!1m2!1s0x9105c86fe6240001%3A0x2cdc83e3249cf705!2sGrupo%20Transmeridian!5e0!3m2!1ses!2spe!4v1760728962918!5m2!1ses!2spe\" width=\"600\" height=\"450\" style=\"border:0;\" allowfullscreen=\"\" loading=\"lazy\" referrerpolicy=\"no-referrer-when-downgrade\"><\/iframe>\t\t\t\t<\/div>\n\t\t\t\t<\/div>\n\t\t<div class=\"elementor-element elementor-element-1aac9b5 grupo--compacto e-flex e-con-boxed e-con e-parent\" data-id=\"1aac9b5\" data-element_type=\"container\" data-e-type=\"container\" data-settings=\"{&quot;background_background&quot;:&quot;classic&quot;}\">\n\t\t\t\t\t<div class=\"e-con-inner\">\n\t\t<div class=\"elementor-element elementor-element-9ecbc5c e-con-full e-flex e-con e-child\" data-id=\"9ecbc5c\" data-element_type=\"container\" data-e-type=\"container\">\n\t\t\t\t<div class=\"elementor-element elementor-element-6794e9c elementor-widget elementor-widget-heading\" data-id=\"6794e9c\" data-element_type=\"widget\" data-e-type=\"widget\" data-widget_type=\"heading.default\">\n\t\t\t\t\t<h2 class=\"elementor-heading-title elementor-size-default\">Conversemos de tu proyecto<\/h2>\t\t\t\t<\/div>\n\t\t\t\t<\/div>\n\t\t<div class=\"elementor-element elementor-element-7d3a150 e-con-full e-flex e-con e-child\" data-id=\"7d3a150\" data-element_type=\"container\" data-e-type=\"container\">\n\t\t\t\t<div class=\"elementor-element elementor-element-1122221 elementor-widget elementor-widget-text-editor\" data-id=\"1122221\" data-element_type=\"widget\" data-e-type=\"widget\" data-widget_type=\"text-editor.default\">\n\t\t\t\t\t\t\t\t\t<p>Habla directamente con nuestro equipo y recibe orientaci\u00f3n personalizada para tu pr\u00f3xima operaci\u00f3n log\u00edstica.<\/p>\t\t\t\t\t\t\t\t<\/div>\n\t\t\t\t<div class=\"elementor-element elementor-element-27a7969 elementor-widget elementor-widget-button\" data-id=\"27a7969\" data-element_type=\"widget\" data-e-type=\"widget\" data-widget_type=\"button.default\">\n\t\t\t\t\t\t\t\t\t\t<a class=\"elementor-button elementor-button-link elementor-size-sm\" href=\"#cotizacion\">\n\t\t\t\t\t\t<span class=\"elementor-button-content-wrapper\">\n\t\t\t\t\t\t\t\t\t<span class=\"elementor-button-text\">Cont\u00e1ctanos<\/span>\n\t\t\t\t\t<\/span>\n\t\t\t\t\t<\/a>\n\t\t\t\t\t\t\t\t<\/div>\n\t\t\t\t<\/div>\n\t\t\t\t\t<\/div>\n\t\t\t\t<\/div>\n\t\t\t\t<\/div>\n\t\t","protected":false},"excerpt":{"rendered":"<p>Contacta con un asesor especializado Te ayudamos a que tu operaci\u00f3n sea \u00e1gil, segura y sin complicaciones. Optimiza tu gesti\u00f3n log\u00edstica con el acompa\u00f1amiento de expertos Completa el formulario y uno de nuestros asesores te contactar\u00e1 para brindarte la mejor soluci\u00f3n. Estamos listos para atender tu solicitud Cont\u00e1ctanos por correo o tel\u00e9fono y recibe atenci\u00f3n [&hellip;]<\/p>\n","protected":false},"author":1,"featured_media":0,"parent":0,"menu_order":0,"comment_status":"closed","ping_status":"closed","template":"","meta":{"footnotes":""},"class_list":["post-201","page","type-page","status-publish","hentry"],"blocksy_meta":[],"_links":{"self":[{"href":"https:\/\/www.grupotransmeridian.pe\/en\/wp-json\/wp\/v2\/pages\/201","targetHints":{"allow":["GET"]}}],"collection":[{"href":"https:\/\/www.grupotransmeridian.pe\/en\/wp-json\/wp\/v2\/pages"}],"about":[{"href":"https:\/\/www.grupotransmeridian.pe\/en\/wp-json\/wp\/v2\/types\/page"}],"author":[{"embeddable":true,"href":"https:\/\/www.grupotransmeridian.pe\/en\/wp-json\/wp\/v2\/users\/1"}],"replies":[{"embeddable":true,"href":"https:\/\/www.grupotransmeridian.pe\/en\/wp-json\/wp\/v2\/comments?post=201"}],"version-history":[{"count":9,"href":"https:\/\/www.grupotransmeridian.pe\/en\/wp-json\/wp\/v2\/pages\/201\/revisions"}],"predecessor-version":[{"id":3240,"href":"https:\/\/www.grupotransmeridian.pe\/en\/wp-json\/wp\/v2\/pages\/201\/revisions\/3240"}],"wp:attachment":[{"href":"https:\/\/www.grupotransmeridian.pe\/en\/wp-json\/wp\/v2\/media?parent=201"}],"curies":[{"name":"wp","href":"https:\/\/api.w.org\/{rel}","templated":true}]}}