{"id":3,"date":"2025-10-14T19:54:16","date_gmt":"2025-10-14T17:54:16","guid":{"rendered":"https:\/\/grupotransmeridian.com\/?page_id=3"},"modified":"2026-01-21T11:15:56","modified_gmt":"2026-01-21T16:15:56","slug":"politica-privacidad","status":"publish","type":"page","link":"https:\/\/www.grupotransmeridian.pe\/en\/politica-privacidad\/","title":{"rendered":"Pol\u00edtica de privacidad"},"content":{"rendered":"<div data-elementor-type=\"wp-page\" data-elementor-id=\"3\" class=\"elementor elementor-3\" data-elementor-post-type=\"page\">\n\t\t\t\t<div class=\"elementor-element elementor-element-75a50b8 grupo--compacto e-flex e-con-boxed e-con e-parent\" data-id=\"75a50b8\" data-element_type=\"container\" data-e-type=\"container\" data-settings=\"{&quot;background_background&quot;:&quot;classic&quot;}\">\n\t\t\t\t\t<div class=\"e-con-inner\">\n\t\t\t\t<div class=\"elementor-element elementor-element-cc37c32 elementor-widget elementor-widget-heading\" data-id=\"cc37c32\" data-element_type=\"widget\" data-e-type=\"widget\" data-widget_type=\"heading.default\">\n\t\t\t\t\t<h1 class=\"elementor-heading-title elementor-size-default\">Pol\u00edtica de privacidad<\/h1>\t\t\t\t<\/div>\n\t\t\t\t\t<\/div>\n\t\t\t\t<\/div>\n\t\t<div class=\"elementor-element elementor-element-5ca0ad41 grupo e-flex e-con-boxed e-con e-parent\" data-id=\"5ca0ad41\" data-element_type=\"container\" data-e-type=\"container\">\n\t\t\t\t\t<div class=\"e-con-inner\">\n\t\t\t\t<div class=\"elementor-element elementor-element-211ab6c6 elementor-widget elementor-widget-text-editor\" data-id=\"211ab6c6\" data-element_type=\"widget\" data-e-type=\"widget\" data-widget_type=\"text-editor.default\">\n\t\t\t\t\t\t\t\t\t\n<h3 class=\"wp-block-heading\">INFORMACI\u00d3N DEL TITULAR Y RESPONSABLE DE LOS BANCOS DE DATOS PERSONALES<\/h3>\n\n\n\n<p><strong>TRANSMERIDIAN S.A.C.<\/strong>&nbsp;(en adelante TRANSMERIDIAN) con RUC No. 20510541724 con domicilio legal en Av. E. Canaval y Moreyra No. 340 Piso 14 Distrito de San Isidro, Provincia y Departamento de Lima \u2013 Per\u00fa, es una sociedad inscrita en la Partida Electr\u00f3nica No. 11738095 del Registro de Personas Jur\u00eddicas de la Oficina Registral de Lima, quien tiene como objeto social o actividades principales el dedicarse a la prestaci\u00f3n de servicios consistentes en Agente de Carga Internacional, Mar\u00edtimo y A\u00e9reo y Operador Log\u00edstico Integral.<\/p>\n\n\n\n<h3 class=\"wp-block-heading\">OBJETIVO<\/h3>\n\n\n\n<p>Para TRANSMERIDIAN es importante mantener y respetar la privacidad de sus datos personales y, por ende, proteger su informaci\u00f3n en cumplimiento de nuestras pol\u00edticas corporativas, de lo establecido en la Constituci\u00f3n Pol\u00edtica del Per\u00fa, as\u00ed como en atenci\u00f3n a lo dispuesto en la Ley de Protecci\u00f3n de Datos Personales \u2013 Ley No.29733 y su Reglamento, aprobado por Decreto Supremo N\u00b0003-2013-JUS. Por ello brindamos a nuestros Usuarios la presente Pol\u00edtica de Privacidad, en la cual se explica de forma clara y detallada cuales son nuestros procedimientos para recopilar, almacenar y tratar (utilizar) sus datos personales a consecuencia de la interacci\u00f3n que mantenga con nosotros, sea a trav\u00e9s de nuestro sitio web:&nbsp;<a href=\"https:\/\/www.transmeridian.pe\/\" target=\"_blank\" rel=\"noopener\">https:\/\/www.transmeridian.pe\/<\/a>&nbsp;mediante la funci\u00f3n de correo electr\u00f3nico, mensajer\u00eda instant\u00e1nea (SMS, WhatsApp u otro), llamadas telef\u00f3nicas, cookies u otros canales de titularidad de TRANSMERIDIAN.<\/p>\n\n\n\n<h3 class=\"wp-block-heading\">MARCO NORMATIVO<\/h3>\n\n\n\n<p>La presente Pol\u00edtica de Privacidad est\u00e1 elaborada en concordancia con la legislaci\u00f3n nacional en materia de protecci\u00f3n de datos personales y en particular con los siguientes dispositivos legales:<\/p>\n\n\n\n<ul class=\"wp-block-list\">\n<li>Constituci\u00f3n Pol\u00edtica del Per\u00fa.<\/li>\n\n\n\n<li>Ley N\u00b029733 \u2013 Ley de Protecci\u00f3n de Datos Personales.<\/li>\n\n\n\n<li>Decreto Supremo N\u00b0003-2013-JUS \u2013 Reglamento de la Ley de Protecci\u00f3n de Datos Personales.<\/li>\n\n\n\n<li>Resoluci\u00f3n Directoral N\u00b002-2020-JUS\/DGTAIPD \u2013 Directiva para el Tratamiento de datos personales mediante sistemas de videovigilancia.<\/li>\n<\/ul>\n\n\n\n<h3 class=\"wp-block-heading\">QUE DATOS PERSONALES RECOPILAMOS, ALMACENAMOS Y TRATAMOS<\/h3>\n\n\n\n<p>TRANSMERIDIAN realiza la recopilaci\u00f3n, almacenamiento, tratamiento y la potencial transferencia nacional e internacional (flujo transfronterizo) de datos personales tales como: nombres y apellidos, Cargo, n\u00famero de DNI, n\u00famero de pasaporte, n\u00famero de carn\u00e9 de extranjer\u00eda, direcci\u00f3n del domicilio, tel\u00e9fono, correo electr\u00f3nico, profesi\u00f3n, entre otros que est\u00e9n expresamente indicados en los formularios o formatos electr\u00f3nicos, digitales y\/o f\u00edsicos que utilizamos para gestionar y obtener el consentimiento de los titulares de los datos personales.<\/p>\n\n\n\n<p>En ese sentido, los datos personales que sean proporcionados libre y voluntariamente por los Usuarios (clientes, potenciales clientes o postulantes a un puesto de trabajo) en calidad de titulares de datos personales, facultar\u00e1n a TRANSMERIDIAN a utilizarlos para los fines de la actividad que desarrolla, para aquellos fines contemplados en la presente Pol\u00edtica de Privacidad y para aquellos que en su oportunidad sean indicados en los formularios o formatos electr\u00f3nicos, digitales y\/o f\u00edsicos mediante los cuales gestionaremos oportunamente la obtenci\u00f3n del consentimiento de los titulares de los datos personales.<\/p>\n\n\n\n<p>Cabe precisar que los datos personales antes indicados, los cuales recopilamos, almacenamos, tratamos y potencialmente transferimos, son indispensables para cumplir las finalidades necesarias que est\u00e1n siendo detalladas en la presente Pol\u00edtica de Privacidad, motivo por el cual resulta necesario que usted nos proporcione su informaci\u00f3n personal.<\/p>\n\n\n\n<h3 class=\"wp-block-heading\">QUE FINALIDADES CONSIDERAMOS NECESARIAS<\/h3>\n\n\n\n<p>Sus datos personales ser\u00e1n utilizados para las siguientes finalidades necesarias, las cuales est\u00e1n estrechamente vinculadas con nuestro objeto social y actividades comerciales que desarrollamos:<\/p>\n\n\n\n<ul class=\"wp-block-list\">\n<li>Verificaci\u00f3n y validaci\u00f3n de la identidad del cliente, del potencial cliente y de los postulantes a un puesto de trabajo.<\/li>\n\n\n\n<li>Elaboraci\u00f3n y env\u00edo de cotizaciones y\/o propuestas relacionadas a los servicios que ofrecemos, en atenci\u00f3n a la previa solicitud del cliente o potencial cliente e incluso, en base a la referencia de un tercero que autorizadamente nos proporcion\u00f3 su informaci\u00f3n para establecer un primer contacto.<\/li>\n\n\n\n<li>Formalizar la contrataci\u00f3n de los servicios que ofrecemos, as\u00ed como todo lo relativo a la ejecuci\u00f3n de las obligaciones de cada parte.<\/li>\n\n\n\n<li>Validaci\u00f3n de la informaci\u00f3n y\/o los datos personales declarados por los Usuarios al interactuar con nuestra plataforma digital o p\u00e1gina web o mediante el uso de la funci\u00f3n correo electr\u00f3nico, mensajer\u00eda instant\u00e1nea (SMS, WhatsApp u otro), llamadas telef\u00f3nicas, cookies u otros canales de titularidad de TRANSMERIDIAN.<\/li>\n\n\n\n<li>Absoluci\u00f3n de consultas sobre los servicios que ofrecemos.<\/li>\n\n\n\n<li>Mantener actualizados los datos personales de nuestros clientes, potenciales clientes y de los postulantes a un puesto de trabajo.<\/li>\n\n\n\n<li>Gestionar la evaluaci\u00f3n de riesgos y la cobranza de las deudas.<\/li>\n\n\n\n<li>Atenci\u00f3n de las solicitudes, reclamos, consultas, quejas, denuncias, entre otros, formuladas por los clientes y potenciales clientes.<\/li>\n\n\n\n<li>Transferir los datos de los Usuarios a terceros vinculados a TRANSMERIDIAN, sean estos personas naturales o jur\u00eddicas, cuando ello resulte razonable y proporcionalmente necesario para la prestaci\u00f3n de los servicios contratados.<\/li>\n\n\n\n<li>Gestionar el cumplimiento de obligaciones legales.<\/li>\n<\/ul>\n\n\n\n<h3 class=\"wp-block-heading\">CUALES SON LAS CONSECUENCIAS DE NO PROPORCIONAR SUS DATOS PERSONALES<\/h3>\n\n\n\n<p>Como lo hemos mencionado anteriormente en la presente Pol\u00edtica de Privacidad, los datos personales que requerimos de Usted son necesarios para cumplir cada una de las finalidades necesarias, por lo tanto, si decide no proporcionarnos su informaci\u00f3n personal y, por ende, negarnos su autorizaci\u00f3n para recopilar, almacenar, tratar y potencialmente transferirla, no ser\u00e1 posible que TRANSMERIDIAN pueda prestar los servicios que son de su inter\u00e9s y\/o guardar su informaci\u00f3n personal para que pueda postular a un puesto de trabajo en nuestra compa\u00f1\u00eda.<\/p>\n\n\n\n<h3 class=\"wp-block-heading\">PERSONAS O ENTIDADES RECEPTORAS DE SU INFORMACI\u00d3N<\/h3>\n\n\n\n<p>Para la comercializaci\u00f3n de los servicios que ofrece TRANSMERIDIAN en el mercado nacional e internacional y para el cumplimiento de las finalidades necesarias anteriormente indicadas en la presente Pol\u00edtica de Privacidad, resulta imprescindible compartir todo o parte de sus datos personales con terceros vinculados a TRANSMERIDIAN a nivel nacional e internacional y estos son:<\/p>\n\n\n\n<ul class=\"wp-block-list\">\n<li>Proveedores de servicios de mensajer\u00eda.<\/li>\n\n\n\n<li>Proveedores de servicios de distribuci\u00f3n o env\u00edo de productos.<\/li>\n\n\n\n<li>Proveedores de servicios de consultor\u00eda.<\/li>\n\n\n\n<li>Proveedores de ex\u00e1menes m\u00e9dicos.<\/li>\n\n\n\n<li>Empresa especializada en el reclutamiento y evaluaci\u00f3n de los postulantes a un puesto de trabajo.<\/li>\n\n\n\n<li>Empresa especializada en la verificaci\u00f3n de los antecedentes policiales, penales, judiciales e informaci\u00f3n crediticia del postulante a un puesto de trabajo.<\/li>\n<\/ul>\n\n\n\n<p>Le informamos que la relaci\u00f3n completa de las personas o empresas con quienes compartimos sus datos personales est\u00e1 detallada en el documento denominado \u201cEntidades Receptoras de Datos Personales\u201d \u2013 el cual est\u00e1 contenido en el Anexo I de la presente Pol\u00edtica de Privacidad. Cabe mencionar que, de resultar necesario, la mencionada lista ser\u00e1 oportunamente actualizada por TRANSMERIDIAN utilizando esta misma v\u00eda.<\/p>\n\n\n\n<h3 class=\"wp-block-heading\">DENOMINACI\u00d3N DE LOS BANCOS DE DATOS<\/h3>\n\n\n\n<p>Le informamos que sus datos personales ser\u00e1n almacenados en los Bancos de Datos Personales denominados \u201cTrabajadores\u201d, \u201cClientes\u201d y \u201cProveedores\u201d seg\u00fan corresponde, en sistemas automatizados y no automatizados, los cuales se encuentran inscritos en el Registro Nacional de Protecci\u00f3n de Datos Personales con los c\u00f3digos RNPDP-PJP No.5398, 5399 y 5401 respectivamente.<\/p>\n\n\n\n<h3 class=\"wp-block-heading\">MEDIDAS DE SEGURIDAD PARA PROTEGER LOS DATOS PERSONALES<\/h3>\n\n\n\n<p>Los datos personales de nuestros clientes, potenciales clientes y postulantes a un puesto de trabajo, as\u00ed como de todos aquellos con los que nos relacionemos, ser\u00e1n almacenados en un servidor virtual o en la nube (cloud) provisto por la empresa GoDaddy Operating Company, LLC (encargado del almacenamiento) ubicada en &#8211; EEUU, cuya pol\u00edtica de privacidad puede ser consultada en el siguiente enlace:&nbsp;<a href=\"https:\/\/www.godaddy.com\/es\/legal\/agreements\/archived-privacy-policy\" target=\"_blank\" rel=\"noreferrer noopener\">https:\/\/www.godaddy.com\/es\/legal\/agreements\/archived-privacy-policy<\/a><\/p>\n\n\n\n<p>En ese sentido, le informamos que TRANSMERIDIAN tiene implementadas todas las medidas t\u00e9cnicas, organizacionales, f\u00edsicas y legales que resultan necesarias para garantizar el adecuado tratamiento de sus datos personales, la seguridad y confidencialidad de su informaci\u00f3n, que sus datos personales no ser\u00e1n accesibles y\/o compartidos a terceros no autorizados, que se adoptar\u00e1n todas las medias necesarias para evitar la alteraci\u00f3n, p\u00e9rdida, tratamiento y acceso no autorizado a los datos personales, ya que nuestro compromiso es custodiarlos con la debida diligencia y cumpliendo con las disposiciones legales vigentes en dicha materia.<\/p>\n\n\n\n<p>Se le informa que de acuerdo a las disposiciones contempladas en la Ley de Protecci\u00f3n de Datos Personales y su Reglamento, existen excepciones a lo antes indicado y est\u00e1n relacionadas a solicitudes de informaci\u00f3n formuladas que deber\u00e1n ser atendidas por mandato legal, sea este de orden nacional o internacional, especialmente en lo relativo a la prevenci\u00f3n del lavado de activos, financiamiento del terrorismo y\/o cuando sea requerido por autoridades policiales, fiscales, judiciales y\/o administrativas en salvaguarda del inter\u00e9s p\u00fablico y\/o en cumplimiento de sus competencias constitucionales y legales y en base a las dem\u00e1s disposiciones contempladas en la Ley de la materia.<\/p>\n\n\n\n<h3 class=\"wp-block-heading\">PLAZO DE ALMACENAMIENTO DE LOS DATOS PERSONALES<\/h3>\n\n\n\n<p>Los datos personales de nuestros clientes ser\u00e1n almacenados durante todo el tiempo que se encuentre vigente la relaci\u00f3n comercial o contractual que nos vincule y una vez concluida o vencida, hasta por un plazo adicional de 05 (cinco) a\u00f1os y\/o mientras el titular no revoque su consentimiento.<\/p>\n\n\n\n<p>En el caso de los potenciales clientes, sus datos personales ser\u00e1n almacenados por el plazo m\u00e1ximo de 02 (dos) a\u00f1os y\/o mientras el titular no revoque su consentimiento.<\/p>\n\n\n\n<p>En el caso de los postulantes a un puesto de trabajo, sus datos personales ser\u00e1n almacenados por el plazo m\u00e1ximo de 02 (dos) a\u00f1os y\/o mientras el titular no revoque su consentimiento.<\/p>\n\n\n\n<h3 class=\"wp-block-heading\">DERECHOS DEL TITULAR DE LOS DATOS PERSONALES<\/h3>\n\n\n\n<p>Como lo hemos referido anteriormente, los derechos que ostentan los titulares de los datos personales est\u00e1n amparados en la Constituci\u00f3n Pol\u00edtica del Per\u00fa, la Ley de Protecci\u00f3n de Datos Personales y su Reglamento y estos son los derechos de acceso, rectificaci\u00f3n, cancelaci\u00f3n u oposici\u00f3n al uso o tratamiento de sus datos personales, por lo que podr\u00e1n ser ejercidos en el momento que lo estimen pertinente y de manera irrestricta (salvo los casos previstos como excepciones por la Ley de la materia).<\/p>\n\n\n\n<p>Para el ejercicio de los derechos reconocidos en la Ley de Protecci\u00f3n de Datos Personales y su Reglamento, as\u00ed como para revocar el consentimiento (sea para todas o algunas de las finalidades necesarias u opcionales) el Usuario deber\u00e1 presentar una solicitud por escrito en nuestro domicilio legal indicado anteriormente y\/o enviando un correo electr\u00f3nico a la siguiente direcci\u00f3n:&nbsp;<a href=\"mailto:GTComiteProteccionDatos@meridian.com.pe\" target=\"_blank\" rel=\"noreferrer noopener\">GTComiteProteccionDatos@meridian.com.pe<\/a>&nbsp;con el asunto \u201cDatos Personales\u201d cumpliendo con las exigencias contempladas en la Ley de la materia.<\/p>\n\n\n\n<p>En caso considere que su solicitud no ha sido atendida como corresponde, se le informa que tiene el derecho de presentar un reclamo ante la Autoridad Nacional de Protecci\u00f3n de Datos Personales, para lo cual deber\u00e1 dirigirse a la mesa de partes del Ministerio de Justicia y Derechos Humanos ubicada en la Calle Scipion Llona 350 Distrito de Miraflores, Provincia y Departamento de Lima, completando y presentando f\u00edsicamente o de manera virtual el formulario que para tal efecto tiene publicado la mencionada entidad en el siguiente enlace:&nbsp;<a href=\"https:\/\/www.minjus.gob.pe\/wp-content\/uploads\/2018\/12\/FORMULARIO-DE-PROCEDIMIENTO-TRILATERAL-DE-TUTELA.pdf\" target=\"_blank\" rel=\"noreferrer noopener\">https:\/\/www.minjus.gob.pe\/wp-content\/uploads\/2018\/12\/FORMULARIO-DE-PROCEDIMIENTO-TRILATERAL-DE-TUTELA.pdf<\/a><\/p>\n\n\n\n<h3 class=\"wp-block-heading\">CONSENTIMIENTO O AUTORIZACI\u00d3N PARA EL TRATAMIENTO DE SUS DATOS PERSONALES<\/h3>\n\n\n\n<p>De conformidad con lo dispuesto en la Ley de Protecci\u00f3n de Datos Personales y su Reglamento, al aceptar los t\u00e9rminos y condiciones y\/o al utilizar nuestra plataforma digital&nbsp;<a href=\"https:\/\/www.transmeridian.pe\/\" target=\"_blank\" rel=\"noopener\">https:\/\/www.transmeridian.pe\/<\/a>&nbsp;y\/o al completar sus datos personales utilizando nuestros formatos o formularios, los Usuarios nos otorgan expresamente y de manera voluntaria su consentimiento previo, informado, expreso e inequ\u00edvoco para recopilar, almacenar, tratar y potencialmente transferir (nacional o internacionalmente) sus datos personales, incluso cuando estos nos sean facilitados utilizando, mensajer\u00eda instant\u00e1nea (SMS, WhatsApp u otro), llamadas telef\u00f3nicas, cookies u otros canales de contacto de titularidad de TRANSMERIDIAN.<\/p>\n\n\n\n<p>Los datos que son materia de recopilaci\u00f3n, almacenamiento, tratamiento y potencial transferencia nacional o internacional, son los detallados en la presente Pol\u00edtica de Privacidad.<\/p>\n\n\n\n<p>Los Usuarios que nos proporcionan sus datos personales utilizando todos o algunos de los procesos o procedimientos antes indicados, nos brindan su consentimiento previo, informado, expreso e inequ\u00edvoco, para lo cual declaran haber le\u00eddo, comprendido \u00edntegramente y aceptado los t\u00e9rminos y condiciones detalladas en la presente Pol\u00edtica de Privacidad.<\/p>\n\n\n\n<p>Consecuentemente, cuando los Usuarios nos brindan su consentimiento informado estar\u00e1n autorizando a TRANSMERIDIAN a realizar el tratamiento de los datos personales de acuerdo con las finalidades necesarias y alternativas (de ser el caso) claramente indicadas en la presente Pol\u00edtica de Privacidad y para tal efecto, incluso se considera como una forma v\u00e1lida de manifestaci\u00f3n de voluntad lo consistente en hacer \u201cclick\u201d a ingresar al link o plataforma digital de TRANSMERIDIAN y\/o al completar y\/o enviar por correo electr\u00f3nico o cualquier otra v\u00eda f\u00edsica, digital, telef\u00f3nica u otra existente o por desarrollarse, la informaci\u00f3n requerida en los formatos o formularios implementados por TRANSMERIDIAN para recopilar los datos personales de los Usuarios.<\/p>\n\n\n\n<h3 class=\"wp-block-heading\">AUTENTICIDAD DE LOS DATOS PERSONALES PROPORCIONADOS<\/h3>\n\n\n\n<p>Los Usuarios declaran que todos los datos personales proporcionados son verdaderos, actualizados y exactos, por lo que TRANSMERIDIAN no asumir\u00e1 ninguna responsabilidad por aquella informaci\u00f3n que no cumpla con las mencionadas caracter\u00edsticas y en especial, si su uso induce a error, en cuyo caso los propios Usuarios asumir\u00e1n directa y personal responsabilidad por los perjuicios, reclamaciones, procesos, procedimientos administrativos y\/o judiciales que puedan iniciarse a consecuencia de la informaci\u00f3n proporcionada por ellos, as\u00ed como por los da\u00f1os y perjuicios ocasionados.<\/p>\n\n\n\n<h3 class=\"wp-block-heading\">MODIFICACIONES A LA PRESENTE POL\u00cdTICA DE PRIVACIDAD &#8211; POL\u00cdTICA DE PROTECCI\u00d3N DE DATOS PERSONALES<\/h3>\n\n\n\n<p>TRANSMERIDIAN se reserva el derecho a modificar, actualizar o completar la presente Pol\u00edtica de Privacidad en cualquier momento. Por lo tanto, cualquier cambio o modificaci\u00f3n a la presente Pol\u00edtica de Privacidad podr\u00e1 realizarse en cualquier momento y ser\u00e1 puesta en conocimiento mediante la publicaci\u00f3n respectiva en la p\u00e1gina web de la empresa y\/o a trav\u00e9s de los canales y\/o procedimientos que estime convenientes para hacerlo de conocimiento de los Usuarios.<\/p>\n\n\n\n<h3 class=\"wp-block-heading\">SOBRE LOS COOKIES<\/h3>\n\n\n\n<p>Es importante se\u00f1alar que una cookie se refiere a un fichero que es enviado con la finalidad de solicitar permiso para almacenarse en su ordenador, al aceptar dicho fichero se crea y la cookie sirve entonces para tener informaci\u00f3n respecto al tr\u00e1fico web, y tambi\u00e9n facilita las futuras visitas a una web recurrente. Otra funci\u00f3n que tienen las cookies es que con ellas las web pueden reconocerte individualmente y por tanto brindarte el mejor servicio personalizado de su web.<\/p>\n\n\n\n<p>En el caso de nuestro sitio web le informamos que este emplea las cookies para poder identificar las p\u00e1ginas que son visitadas y su frecuencia y esta informaci\u00f3n es empleada \u00fanicamente para an\u00e1lisis estad\u00edstico y despu\u00e9s la informaci\u00f3n se elimina de forma permanente. Usted puede eliminar las cookies en cualquier momento desde su ordenador. Si bien las cookies ayudan a proporcionar un mejor servicio de los sitios web, en nuestro caso, est\u00e1s no dan acceso a informaci\u00f3n de su ordenador ni de usted, es decir, no recolectan sus datos personales. Usted puede aceptar o negar el uso de cookies, sin embargo, la mayor\u00eda de los navegadores aceptan cookies autom\u00e1ticamente pues como ya lo mencionamos, sirven para tener un mejor servicio web y de navegaci\u00f3n. Usted puede cambiar la configuraci\u00f3n de su ordenador para declinar las cookies en el momento que lo estime conveniente, pero de hacerlo, deber\u00e1 tener en cuenta que ello posiblemente impida el bien funcionamiento de nuestros servicios en la web.<\/p>\n\n\n\n<p>Lima, 24 de Junio de 2021<\/p>\n\n\n\n<h3 class=\"wp-block-heading\">Anexo 1<\/h3>\n\n\n\n<h3 class=\"wp-block-heading\">Entidades Receptoras de Datos Personales<\/h3>\n\n\n\n<ul class=\"wp-block-list\">\n<li>Grupo Pers S.A.C. con RUC No. 20544544731 con domicilio legal en Lima; empresa encargada de la verificaci\u00f3n de los antecedentes policiales, penales, judiciales de los postulantes.<\/li>\n\n\n\n<li>Innomedic International EIRL RUC No. 20546304761 con domicilio legal en Av. Canad\u00e1 Nro. 1335 Distrito de La Victoria- Lima, empresa encargada de la realizar los ex\u00e1menes m\u00e9dicos a los colaboradores.<\/li>\n\n\n\n<li>Manpower Per\u00fa S.A. con RUC No. 20304289512 con domicilio legal en Cal. Monterosa Nro. 233 Piso 11 Chacarilla del Estanque Santiago de Surco, empresa encargada de la realizar el procesamiento de n\u00f3minas de los colaboradores.<\/li>\n\n\n\n<li>Consorcio Real Felipe S.A. con RUC No. 20123639821 con domicilio legal en AV. SAENZ PE\u00a5A NRO.462 Callao empresa encargada de los servicios de mensajer\u00eda.<\/li>\n\n\n\n<li>Selekto Consultores en Recursos Humanos S.A., con RUC 20520526022 empresa encargada de evaluaciones psico laborales.<\/li>\n\n\n\n<li>Empresas Prestadores de Salud y brocker de seguros en relaci\u00f3n a p\u00f3lizas de nuestros colaboradores<\/li>\n<\/ul>\n\t\t\t\t\t\t\t\t<\/div>\n\t\t\t\t\t<\/div>\n\t\t\t\t<\/div>\n\t\t\t\t<\/div>","protected":false},"excerpt":{"rendered":"<p>INFORMACI\u00d3N DEL TITULAR Y RESPONSABLE DE LOS BANCOS DE DATOS PERSONALES TRANSMERIDIAN S.A.C.&nbsp;(en adelante TRANSMERIDIAN) con RUC No. 20510541724 con domicilio legal en Av. E. Canaval y Moreyra No. 340 Piso 14 Distrito de San Isidro, Provincia y Departamento de Lima \u2013 Per\u00fa, es una sociedad inscrita en la Partida Electr\u00f3nica No. 11738095 del Registro [&hellip;]<\/p>\n","protected":false},"author":1,"featured_media":0,"parent":0,"menu_order":0,"comment_status":"closed","ping_status":"closed","template":"","meta":{"footnotes":""},"class_list":["post-3","page","type-page","status-publish","hentry"],"blocksy_meta":[],"_links":{"self":[{"href":"https:\/\/www.grupotransmeridian.pe\/en\/wp-json\/wp\/v2\/pages\/3","targetHints":{"allow":["GET"]}}],"collection":[{"href":"https:\/\/www.grupotransmeridian.pe\/en\/wp-json\/wp\/v2\/pages"}],"about":[{"href":"https:\/\/www.grupotransmeridian.pe\/en\/wp-json\/wp\/v2\/types\/page"}],"author":[{"embeddable":true,"href":"https:\/\/www.grupotransmeridian.pe\/en\/wp-json\/wp\/v2\/users\/1"}],"replies":[{"embeddable":true,"href":"https:\/\/www.grupotransmeridian.pe\/en\/wp-json\/wp\/v2\/comments?post=3"}],"version-history":[{"count":0,"href":"https:\/\/www.grupotransmeridian.pe\/en\/wp-json\/wp\/v2\/pages\/3\/revisions"}],"wp:attachment":[{"href":"https:\/\/www.grupotransmeridian.pe\/en\/wp-json\/wp\/v2\/media?parent=3"}],"curies":[{"name":"wp","href":"https:\/\/api.w.org\/{rel}","templated":true}]}}